{"id":1718,"date":"2025-08-07T21:38:59","date_gmt":"2025-08-07T21:38:59","guid":{"rendered":"http:\/\/moroccolaand.com\/home\/"},"modified":"2025-10-01T18:47:02","modified_gmt":"2025-10-01T18:47:02","slug":"home","status":"publish","type":"page","link":"https:\/\/moroccolaand.com\/en\/","title":{"rendered":"Home"},"content":{"rendered":"<div class=\"wp-block-uagb-container uagb-block-ae6e7451 alignwide uagb-is-root-container\"><div class=\"uagb-container__video-wrap\"><video autoplay loop muted playsinline><source src=\"https:\/\/moroccolaand.com\/wp-content\/uploads\/2025\/09\/Green-Stripe-Cloth-Flatlay-Healthy-Food-Facebook-Cover-1.mp4\" type=\"video\/mp4\"\/><\/video><\/div>\n<p class=\"has-text-align-center has-ast-global-color-5-color has-text-color has-link-color wp-elements-b497a181135f353f952ac096e6c879bb\" style=\"font-size:22px\">WELCOME TO<\/p>\n\n\n\n<h2 class=\"wp-block-heading has-text-align-center has-ast-global-color-5-color has-text-color has-link-color wp-elements-d9acc7d8a940c9c632a02b94b52581d0\" style=\"font-size:35px\">MOROCCOLAND<\/h2>\n\n\n\n<p class=\"has-text-align-center has-ast-global-color-5-color has-text-color has-link-color has-medium-font-size wp-elements-67dd10f10475a82c3a9e1bc14be03a0f\"><em>The adventure begins here <\/em><\/p>\n<\/div>\n\n\n\n<div class=\"wp-block-columns is-layout-flex wp-container-core-columns-is-layout-28f84493 wp-block-columns-is-layout-flex\">\n<div class=\"wp-block-column is-layout-flow wp-block-column-is-layout-flow\">\n<figure class=\"wp-block-video\"><video autoplay loop muted poster=\"https:\/\/moroccolaand.com\/wp-content\/uploads\/2025\/09\/Reel-video-instagram-inspiration-voyage-collage-photo-moderne-minimaliste-blanc.jpg\" src=\"https:\/\/moroccolaand.com\/wp-content\/uploads\/2025\/09\/WhatsApp-Video-2025-09-26-at-22.30.03-1.mp4\" playsinline><\/video><\/figure>\n<\/div>\n\n\n\n<div class=\"wp-block-column is-vertically-aligned-center is-layout-flow wp-block-column-is-layout-flow\">\n<p class=\".justifier { text-align: justify; }\" style=\"font-size:27px;line-height:1.9\"><strong>Welcome to our blog dedicated to discovering activities in Morocco!<\/strong><br>Here, you'll regularly find selections of the best activities, outings and events to do in different Moroccan cities. Whether you're in Casablanca, Marrakech, Rabat, Tangier or elsewhere, our aim is to help you make the most of what each city has to offer.<br>We update this blog regularly to bring you fresh, authentic ideas to suit all tastes. Explore with us the cultural riches, leisure activities, adventures and moments of relaxation not to be missed.<br>Stay tuned so you don't miss out on the best activities in your city or on your next getaway to Morocco.<\/p>\n<\/div>\n<\/div>\n\n\n\n<div class=\"wp-block-uagb-container uagb-block-3c2b710f alignfull uagb-is-root-container\"><div class=\"uagb-container-inner-blocks-wrap\">\n<div class=\"wp-block-uagb-advanced-heading uagb-block-48c2f920\"><h2 class=\"uagb-heading-text\">Our top destinations  <\/h2><p class=\"uagb-desc-text\">Morocco is a land of adventure, and we're your guide. Dive into the heart of Moroccan cities to explore bustling souks, take part in cooking workshops or go on a desert excursion. Explore our catalog of activities for unforgettable moments anywhere in Morocco.<\/p><\/div>\n\n\n\n\t\t\t<div class=\"wp-block-uagb-post-grid uagb-post-grid  uagb-post__image-position-top uagb-post__image-enabled uagb-block-f59c426d     uagb-post__items uagb-post__columns-3 is-grid uagb-post__columns-tablet-2 uagb-post__columns-mobile-1 uagb-post__equal-height\" data-total=\"4\" style=\"\">\n\n\t\t\t\t\t\t\t\t\t\t\t\t<article class=\"uagb-post__inner-wrap\">\t\t\t\t\t\t\t\t<div class='uagb-post__image'>\n\t\t\t\t\t\t\t\t\t<a href=\"https:\/\/moroccolaand.com\/en\/activites-au-maroc-decouvrez-les-plus-belles-experiences-a-vivre\/\" target=\"_self\" rel=\"bookmark noopener noreferrer\" class='uagb-image-ratio-2-3'><img loading=\"lazy\" decoding=\"async\" width=\"1024\" height=\"538\" src=\"https:\/\/moroccolaand.com\/wp-content\/uploads\/2025\/10\/https___media.topito.com_wp-content_uploads_2019_06_UNE_VOYAGE_Maroc-1024x538.webp\" class=\"attachment-large size-large\" alt=\"\" srcset=\"https:\/\/moroccolaand.com\/wp-content\/uploads\/2025\/10\/https___media.topito.com_wp-content_uploads_2019_06_UNE_VOYAGE_Maroc-1024x538.webp 1024w, https:\/\/moroccolaand.com\/wp-content\/uploads\/2025\/10\/https___media.topito.com_wp-content_uploads_2019_06_UNE_VOYAGE_Maroc-300x158.webp 300w, https:\/\/moroccolaand.com\/wp-content\/uploads\/2025\/10\/https___media.topito.com_wp-content_uploads_2019_06_UNE_VOYAGE_Maroc-768x403.webp 768w, https:\/\/moroccolaand.com\/wp-content\/uploads\/2025\/10\/https___media.topito.com_wp-content_uploads_2019_06_UNE_VOYAGE_Maroc.webp 1340w\" sizes=\"auto, (max-width: 1024px) 100vw, 1024px\" \/>\t\t\t\t\t<\/a>\n\t\t\t\t\t\t\t<\/div>\n\t\t\t\t\t\t<h4 class=\"uagb-post__title uagb-post__text\">\n\t\t\t\t<a href=\"https:\/\/moroccolaand.com\/en\/activites-au-maroc-decouvrez-les-plus-belles-experiences-a-vivre\/\" target=\"_self\" rel=\"bookmark noopener noreferrer\">Activities in Morocco: discover the best experiences to enjoy<\/a>\n\t\t\t<\/h4>\n\t\t\t\t\t\t<div class='uagb-post__text uagb-post-grid-byline'>\n\t\t\t\t\t\t\t\t<span class=\"uagb-post__author\">\n\t\t\t\t\t\t\t\t\t<a href=\"https:\/\/moroccolaand.com\/en\/author\/moroccolaandgmail-com\/\" title=\"Posts by moroccolaand\" rel=\"author\">moroccolaand<\/a>\t\t\t\t<\/span>\n\t\t\t\t\t\t\t<time datetime=\"2025-10-04T21:50:54+00:00\" class=\"uagb-post__date\">\n\t\t\t\t\t\t\t\t\tOctober 4, 2025\t\t\t\t<\/time>\n\t\t\t\t\t\t<\/div>\n\t\t\t\t\t\t\t<div class='uagb-post__text uagb-post__excerpt'>\n\t\t\t\t\t<p>Morocco is a land of adventure, culture and contrasts. From the golden dunes of...\t\t\t\t<\/div>\n\t\t\t\t\t\t<div class=\"uagb-post__text uagb-post__cta wp-block-button\">\n\t\t\t\t<a class=\"wp-block-button__link uagb-text-link\" style=\"\" href=\"https:\/\/moroccolaand.com\/en\/activites-au-maroc-decouvrez-les-plus-belles-experiences-a-vivre\/\" target=\"_self\" rel=\"bookmark noopener noreferrer\">Read More<\/a>\n\t\t\t<\/div>\n\t\t\t\n\t\t\t\t\t\t\t\t\t<\/article>\n\t\t\t\t\t\t\t\t\t\t\t\t\t\t\t\t<article class=\"uagb-post__inner-wrap\">\t\t\t\t\t\t\t\t<div class='uagb-post__image'>\n\t\t\t\t\t\t\t\t\t<a href=\"https:\/\/moroccolaand.com\/en\/rabat-ville-tranquille-mais-loin-detre-ennuyeuse\/\" target=\"_self\" rel=\"bookmark noopener noreferrer\" class='uagb-image-ratio-2-3'><img loading=\"lazy\" decoding=\"async\" width=\"1024\" height=\"683\" src=\"https:\/\/moroccolaand.com\/wp-content\/uploads\/2025\/08\/pexels-anastasia-haritonov-898480-31239789-1024x683.jpg\" class=\"attachment-large size-large\" alt=\"\" srcset=\"https:\/\/moroccolaand.com\/wp-content\/uploads\/2025\/08\/pexels-anastasia-haritonov-898480-31239789-1024x683.jpg 1024w, https:\/\/moroccolaand.com\/wp-content\/uploads\/2025\/08\/pexels-anastasia-haritonov-898480-31239789-300x200.jpg 300w, https:\/\/moroccolaand.com\/wp-content\/uploads\/2025\/08\/pexels-anastasia-haritonov-898480-31239789-768x512.jpg 768w, https:\/\/moroccolaand.com\/wp-content\/uploads\/2025\/08\/pexels-anastasia-haritonov-898480-31239789-1536x1024.jpg 1536w, https:\/\/moroccolaand.com\/wp-content\/uploads\/2025\/08\/pexels-anastasia-haritonov-898480-31239789-2048x1365.jpg 2048w\" sizes=\"auto, (max-width: 1024px) 100vw, 1024px\" \/>\t\t\t\t\t<\/a>\n\t\t\t\t\t\t\t<\/div>\n\t\t\t\t\t\t<h4 class=\"uagb-post__title uagb-post__text\">\n\t\t\t\t<a href=\"https:\/\/moroccolaand.com\/en\/rabat-ville-tranquille-mais-loin-detre-ennuyeuse\/\" target=\"_self\" rel=\"bookmark noopener noreferrer\">Rabat: boring, really?<\/a>\n\t\t\t<\/h4>\n\t\t\t\t\t\t<div class='uagb-post__text uagb-post-grid-byline'>\n\t\t\t\t\t\t\t\t<span class=\"uagb-post__author\">\n\t\t\t\t\t\t\t\t\t<a href=\"https:\/\/moroccolaand.com\/en\/author\/moroccolaandgmail-com\/\" title=\"Posts by moroccolaand\" rel=\"author\">moroccolaand<\/a>\t\t\t\t<\/span>\n\t\t\t\t\t\t\t<time datetime=\"2025-08-15T23:45:43+00:00\" class=\"uagb-post__date\">\n\t\t\t\t\t\t\t\t\tAugust 15, 2025\t\t\t\t<\/time>\n\t\t\t\t\t\t<\/div>\n\t\t\t\t\t\t\t<div class='uagb-post__text uagb-post__excerpt'>\n\t\t\t\t\t<p>Rabat, a quiet city... but far from boring. Rabat, the capital of Morocco and a veritable city of...\t\t\t\t<\/div>\n\t\t\t\t\t\t<div class=\"uagb-post__text uagb-post__cta wp-block-button\">\n\t\t\t\t<a class=\"wp-block-button__link uagb-text-link\" style=\"\" href=\"https:\/\/moroccolaand.com\/en\/rabat-ville-tranquille-mais-loin-detre-ennuyeuse\/\" target=\"_self\" rel=\"bookmark noopener noreferrer\">Read More<\/a>\n\t\t\t<\/div>\n\t\t\t\n\t\t\t\t\t\t\t\t\t<\/article>\n\t\t\t\t\t\t\t\t\t\t\t\t\t\t\t\t<article class=\"uagb-post__inner-wrap\">\t\t\t\t\t\t\t\t<div class='uagb-post__image'>\n\t\t\t\t\t\t\t\t\t<a href=\"https:\/\/moroccolaand.com\/en\/chefchaouen-la-perle-bleue-du-maroc-un-reve-entre-ciel-et-montagne\/\" target=\"_self\" rel=\"bookmark noopener noreferrer\" class='uagb-image-ratio-2-3'><img loading=\"lazy\" decoding=\"async\" width=\"1024\" height=\"683\" src=\"https:\/\/moroccolaand.com\/wp-content\/uploads\/2025\/08\/pexels-taryn-elliott-4652063-1024x683.jpg\" class=\"attachment-large size-large\" alt=\"\" srcset=\"https:\/\/moroccolaand.com\/wp-content\/uploads\/2025\/08\/pexels-taryn-elliott-4652063-1024x683.jpg 1024w, https:\/\/moroccolaand.com\/wp-content\/uploads\/2025\/08\/pexels-taryn-elliott-4652063-300x200.jpg 300w, https:\/\/moroccolaand.com\/wp-content\/uploads\/2025\/08\/pexels-taryn-elliott-4652063-768x512.jpg 768w, https:\/\/moroccolaand.com\/wp-content\/uploads\/2025\/08\/pexels-taryn-elliott-4652063-1536x1024.jpg 1536w, https:\/\/moroccolaand.com\/wp-content\/uploads\/2025\/08\/pexels-taryn-elliott-4652063-2048x1365.jpg 2048w\" sizes=\"auto, (max-width: 1024px) 100vw, 1024px\" \/>\t\t\t\t\t<\/a>\n\t\t\t\t\t\t\t<\/div>\n\t\t\t\t\t\t<h4 class=\"uagb-post__title uagb-post__text\">\n\t\t\t\t<a href=\"https:\/\/moroccolaand.com\/en\/chefchaouen-la-perle-bleue-du-maroc-un-reve-entre-ciel-et-montagne\/\" target=\"_self\" rel=\"bookmark noopener noreferrer\">Chefchaouen: Morocco's blue pearl, a dream between sky and mountains<\/a>\n\t\t\t<\/h4>\n\t\t\t\t\t\t<div class='uagb-post__text uagb-post-grid-byline'>\n\t\t\t\t\t\t\t\t<span class=\"uagb-post__author\">\n\t\t\t\t\t\t\t\t\t<a href=\"https:\/\/moroccolaand.com\/en\/author\/moroccolaandgmail-com\/\" title=\"Posts by moroccolaand\" rel=\"author\">moroccolaand<\/a>\t\t\t\t<\/span>\n\t\t\t\t\t\t\t<time datetime=\"2025-08-21T22:01:54+00:00\" class=\"uagb-post__date\">\n\t\t\t\t\t\t\t\t\tAugust 21, 2025\t\t\t\t<\/time>\n\t\t\t\t\t\t<\/div>\n\t\t\t\t\t\t\t<div class='uagb-post__text uagb-post__excerpt'>\n\t\t\t\t\t<p>Imagine a city where the sky casts its most beautiful shades of blue over the...\t\t\t\t<\/div>\n\t\t\t\t\t\t<div class=\"uagb-post__text uagb-post__cta wp-block-button\">\n\t\t\t\t<a class=\"wp-block-button__link uagb-text-link\" style=\"\" href=\"https:\/\/moroccolaand.com\/en\/chefchaouen-la-perle-bleue-du-maroc-un-reve-entre-ciel-et-montagne\/\" target=\"_self\" rel=\"bookmark noopener noreferrer\">Read More<\/a>\n\t\t\t<\/div>\n\t\t\t\n\t\t\t\t\t\t\t\t\t<\/article>\n\t\t\t\t\t\t\t\t\t\t\t<\/div>\n\t\t\t<\/div><\/div>\n\n\n\n<div class=\"wp-block-uagb-container uagb-block-823ec0b8 alignfull uagb-is-root-container\"><div class=\"uagb-container-inner-blocks-wrap\">\n<div class=\"wp-block-uagb-container uagb-block-abd1e4ab\">\n<div class=\"wp-block-uagb-advanced-heading uagb-block-7eb2a74c\"><h3 class=\"uagb-heading-text\"><strong>Join the Moroccoland community!<\/strong><\/h3><p class=\"uagb-desc-text\">Receive our exclusive travel guides, tips and stories for exploring Morocco. Directly to your mailbox.<\/p><\/div>\n\n\n\n<div class=\"wp-block-uagb-forms uagb-forms__outer-wrap uagb-block-d276cdda uagb-forms__medium-btn uagb-forms-inline-field uagb-forms-button-desk-width-33  uagb-forms-button-mobile-width-100 uagb-forms-column-gap-5\"><form class=\"uagb-forms-main-form\" method=\"post\" autocomplete=\"on\" name=\"uagb-form-d276cdda\" action=\"\">\n<div class=\"wp-block-uagb-forms-email uagb-forms-email-wrap uagb-forms-field-set uagb-block-256e3189 uagb-forms-field-desk-width-60 uagb-forms-field-tablet-width-60 uagb-forms-field-mobile-width-100\"><div class=\"uagb-forms-email-label  uagb-forms-input-label\" id=\"256e3189\">Email<\/div><input type=\"email\" class=\"uagb-forms-email-input uagb-forms-input\" placeholder=\"E-mail address \" name=\"256e3189\" autocomplete=\"email\"\/><\/div>\n<div class=\"uagb-forms-form-hidden-data\"><input type=\"hidden\" class=\"uagb_forms_form_label\" value=\"Spectra Form\"\/><input type=\"hidden\" class=\"uagb_forms_form_id\" value=\"uagb-form-d276cdda\"\/><\/div><div class=\"uagb-form-reacaptcha-error-d276cdda\"><\/div><div class=\"uagb-forms-main-submit-button-wrap wp-block-button\"><button class=\"uagb-forms-main-submit-button wp-block-button__link\"><div class=\"uagb-forms-main-submit-button-text\">I'm joining the adventure<\/div><\/button><\/div><input type=\"hidden\" name=\"trp-form-language\" value=\"en\"\/><\/form><div class=\"uagb-forms-success-message-d276cdda uagb-forms-submit-message-hide\"><span>The form has been submitted successfully!<\/span><\/div><div class=\"uagb-forms-failed-message-d276cdda uagb-forms-submit-message-hide\"><span>There has been some error while submitting the form. Please verify all form fields again.<\/span><\/div><\/div>\n<\/div>\n<\/div><\/div>\n\n\n\n<div class=\"wp-block-uagb-container uagb-block-89be074d alignfull uagb-is-root-container\"><div class=\"uagb-container-inner-blocks-wrap\">\n<div class=\"wp-block-uagb-advanced-heading uagb-block-910e4e22\"><h2 class=\"uagb-heading-text\">Future Destinations<\/h2><p class=\"uagb-desc-text\">Discover Morocco's hidden gems, those authentic places and unique traditions that risk disappearing tomorrow. Moroccoland takes you off the beaten track to discover rare experiences and experience Morocco differently... before it's too late.<\/p><\/div>\n\n\n\n<div class=\"wp-block-uagb-container uagb-block-2dacec1d\">\n<div class=\"wp-block-uagb-container uagb-block-556d0dff\">\n<div class=\"wp-block-uagb-advanced-heading uagb-block-4d2da12e\"><h3 class=\"uagb-heading-text\">FES<\/h3><p class=\"uagb-desc-text\">Fez, between living history and ancestral craftsmanship<\/p><\/div>\n<\/div>\n\n\n\n<div class=\"wp-block-uagb-container uagb-block-8ec7f9c7\">\n<div class=\"wp-block-uagb-advanced-heading uagb-block-ffee9702\"><h3 class=\"uagb-heading-text\">BENI MELLAL<\/h3><p class=\"uagb-desc-text\">A natural gem in the heart of Morocco<\/p><\/div>\n<\/div>\n\n\n\n<div class=\"wp-block-uagb-container uagb-block-49e4bd0a\">\n<div class=\"wp-block-uagb-advanced-heading uagb-block-2c61ed1f\"><h3 class=\"uagb-heading-text\">IFRANE<\/h3><p class=\"uagb-desc-text\">A haven of freshness in the heart of the Middle Atlas mountains<\/p><\/div>\n<\/div>\n\n\n\n<div class=\"wp-block-uagb-container uagb-block-c8b75c36\">\n<div class=\"wp-block-uagb-advanced-heading uagb-block-bb3c5b49\"><h3 class=\"uagb-heading-text\">HOCEIMA<\/h3><p class=\"uagb-desc-text\">Unspoilt nature on the Mediterranean coast<\/p><\/div>\n<\/div>\n<\/div>\n<\/div><\/div>","protected":false},"excerpt":{"rendered":"<p>WELCOME TO MOROCCOLAND L&rsquo;aventure commence ici Bienvenue sur notre blog d\u00e9di\u00e9 \u00e0 la d\u00e9couverte des activit\u00e9s au Maroc !Ici, vous [&hellip;]<\/p>","protected":false},"author":1,"featured_media":2474,"parent":0,"menu_order":0,"comment_status":"closed","ping_status":"closed","template":"","meta":{"om_disable_all_campaigns":false,"_uag_custom_page_level_css":"","_monsterinsights_skip_tracking":false,"_monsterinsights_sitenote_active":false,"_monsterinsights_sitenote_note":"","_monsterinsights_sitenote_category":0,"site-sidebar-layout":"no-sidebar","site-content-layout":"plain-container","ast-site-content-layout":"normal-width-container","site-content-style":"unboxed","site-sidebar-style":"unboxed","ast-global-header-display":"","ast-banner-title-visibility":"","ast-main-header-display":"","ast-hfb-above-header-display":"","ast-hfb-below-header-display":"","ast-hfb-mobile-header-display":"","site-post-title":"disabled","ast-breadcrumbs-content":"","ast-featured-img":"disabled","footer-sml-layout":"","theme-transparent-header-meta":"default","adv-header-id-meta":"","stick-header-meta":"","header-above-stick-meta":"","header-main-stick-meta":"","header-below-stick-meta":"","astra-migrate-meta-layouts":"set","ast-page-background-enabled":"default","ast-page-background-meta":{"desktop":{"background-color":"","background-image":"","background-repeat":"repeat","background-position":"center center","background-size":"auto","background-attachment":"scroll","background-type":"","background-media":"","overlay-type":"","overlay-color":"","overlay-opacity":"","overlay-gradient":""},"tablet":{"background-color":"","background-image":"","background-repeat":"repeat","background-position":"center center","background-size":"auto","background-attachment":"scroll","background-type":"","background-media":"","overlay-type":"","overlay-color":"","overlay-opacity":"","overlay-gradient":""},"mobile":{"background-color":"","background-image":"","background-repeat":"repeat","background-position":"center center","background-size":"auto","background-attachment":"scroll","background-type":"","background-media":"","overlay-type":"","overlay-color":"","overlay-opacity":"","overlay-gradient":""}},"ast-content-background-meta":{"desktop":{"background-color":"var(--ast-global-color-5)","background-image":"","background-repeat":"repeat","background-position":"center center","background-size":"auto","background-attachment":"scroll","background-type":"","background-media":"","overlay-type":"","overlay-color":"","overlay-opacity":"","overlay-gradient":""},"tablet":{"background-color":"var(--ast-global-color-5)","background-image":"","background-repeat":"repeat","background-position":"center center","background-size":"auto","background-attachment":"scroll","background-type":"","background-media":"","overlay-type":"","overlay-color":"","overlay-opacity":"","overlay-gradient":""},"mobile":{"background-color":"var(--ast-global-color-5)","background-image":"","background-repeat":"repeat","background-position":"center center","background-size":"auto","background-attachment":"scroll","background-type":"","background-media":"","overlay-type":"","overlay-color":"","overlay-opacity":"","overlay-gradient":""}},"footnotes":""},"class_list":["post-1718","page","type-page","status-publish","has-post-thumbnail","hentry"],"aioseo_notices":[],"_hostinger_reach_plugin_has_subscription_block":false,"_hostinger_reach_plugin_is_elementor":false,"uagb_featured_image_src":{"full":["https:\/\/moroccolaand.com\/wp-content\/uploads\/2025\/08\/Dark-Blue-Gradient-Modern-Professional-Presentation-2.jpg",1920,1080,false],"thumbnail":["https:\/\/moroccolaand.com\/wp-content\/uploads\/2025\/08\/Dark-Blue-Gradient-Modern-Professional-Presentation-2-150x150.jpg",150,150,true],"medium":["https:\/\/moroccolaand.com\/wp-content\/uploads\/2025\/08\/Dark-Blue-Gradient-Modern-Professional-Presentation-2-300x169.jpg",300,169,true],"medium_large":["https:\/\/moroccolaand.com\/wp-content\/uploads\/2025\/08\/Dark-Blue-Gradient-Modern-Professional-Presentation-2-768x432.jpg",768,432,true],"large":["https:\/\/moroccolaand.com\/wp-content\/uploads\/2025\/08\/Dark-Blue-Gradient-Modern-Professional-Presentation-2-1024x576.jpg",1024,576,true],"1536x1536":["https:\/\/moroccolaand.com\/wp-content\/uploads\/2025\/08\/Dark-Blue-Gradient-Modern-Professional-Presentation-2-1536x864.jpg",1536,864,true],"2048x2048":["https:\/\/moroccolaand.com\/wp-content\/uploads\/2025\/08\/Dark-Blue-Gradient-Modern-Professional-Presentation-2.jpg",1920,1080,false],"trp-custom-language-flag":["https:\/\/moroccolaand.com\/wp-content\/uploads\/2025\/08\/Dark-Blue-Gradient-Modern-Professional-Presentation-2.jpg",18,10,false]},"uagb_author_info":{"display_name":"moroccolaand","author_link":"https:\/\/moroccolaand.com\/en\/author\/moroccolaandgmail-com\/"},"uagb_comment_info":0,"uagb_excerpt":"WELCOME TO MOROCCOLAND L&rsquo;aventure commence ici Bienvenue sur notre blog d\u00e9di\u00e9 \u00e0 la d\u00e9couverte des activit\u00e9s au Maroc !Ici, vous [&hellip;]","_links":{"self":[{"href":"https:\/\/moroccolaand.com\/en\/wp-json\/wp\/v2\/pages\/1718","targetHints":{"allow":["GET"]}}],"collection":[{"href":"https:\/\/moroccolaand.com\/en\/wp-json\/wp\/v2\/pages"}],"about":[{"href":"https:\/\/moroccolaand.com\/en\/wp-json\/wp\/v2\/types\/page"}],"author":[{"embeddable":true,"href":"https:\/\/moroccolaand.com\/en\/wp-json\/wp\/v2\/users\/1"}],"replies":[{"embeddable":true,"href":"https:\/\/moroccolaand.com\/en\/wp-json\/wp\/v2\/comments?post=1718"}],"version-history":[{"count":98,"href":"https:\/\/moroccolaand.com\/en\/wp-json\/wp\/v2\/pages\/1718\/revisions"}],"predecessor-version":[{"id":4035,"href":"https:\/\/moroccolaand.com\/en\/wp-json\/wp\/v2\/pages\/1718\/revisions\/4035"}],"wp:featuredmedia":[{"embeddable":true,"href":"https:\/\/moroccolaand.com\/en\/wp-json\/wp\/v2\/media\/2474"}],"wp:attachment":[{"href":"https:\/\/moroccolaand.com\/en\/wp-json\/wp\/v2\/media?parent=1718"}],"curies":[{"name":"wp","href":"https:\/\/api.w.org\/{rel}","templated":true}]}}